{"id":236,"date":"2025-06-05T10:02:37","date_gmt":"2025-06-05T08:02:37","guid":{"rendered":"https:\/\/shop.peopletools.it\/index.php\/prodotto\/certificazione-personal-resilience\/"},"modified":"2025-09-19T11:40:14","modified_gmt":"2025-09-19T09:40:14","slug":"certificazione-personal-resilience","status":"publish","type":"product","link":"https:\/\/shop.peopletools.it\/index.php\/prodotto\/certificazione-personal-resilience\/","title":{"rendered":"Certificazione PERSONAL RESILIENCE"},"content":{"rendered":"","protected":false},"excerpt":{"rendered":"<p><em><strong>Diventa esperto nella formazione alla resilienza! <\/strong><\/em><\/p>\n<p>La Certificazione Personal Resilience persolog\u00ae ti abilita all\u2019utilizzo del modello persolog\u00ae sulla resilienza personale, fornendoti strumenti concreti per aiutare persone e team a gestire meglio stress, cambiamento e sfide quotidiane. Un percorso pratico e coinvolgente che ti permette di arricchire la tua offerta formativa con un metodo riconosciuto e di grande impatto.<\/p>\n<p>Il Personal Resilience Profile consente di effettuare, in modalit\u00e0 di self-assessment, una riflessione sulle proprie abilit\u00e0 di far fronte alle sfide, ai cambiamenti e promuovere la propria evoluzione personale. \u00c8 uno strumento potente in attivit\u00e0 di formazione o in percorsi di sviluppo e di coaching.\u00a0Il percorso di Certificazione al Personal Resilience persolog ha una durata di <b>1 giornata<\/b>, al termine della quale si ottiene l\u2019autorizzazione all\u2019utilizzo dello strumento. Oltre all\u2019aula saranno disponibili materiali in e-learning.<\/p>\n<p>Il seminario di Certificazione Resilience \u00e8 accreditato <b>ICF, International Coach Federation <\/b>e permette di ottenere <b>7,5 CCE<\/b>: 4,5 Core Competence e 2 Resources Development.<\/p>\n","protected":false},"featured_media":592,"template":"","meta":{"_acf_changed":false},"product_brand":[],"product_cat":[38,47],"product_tag":[],"class_list":{"0":"post-236","1":"product","2":"type-product","3":"status-publish","4":"has-post-thumbnail","6":"product_cat-certificazioni","7":"product_cat-resilience","9":"first","10":"instock","11":"virtual","12":"taxable","13":"purchasable","14":"product-type-simple"},"acf":[],"_links":{"self":[{"href":"https:\/\/shop.peopletools.it\/index.php\/wp-json\/wp\/v2\/product\/236","targetHints":{"allow":["GET"]}}],"collection":[{"href":"https:\/\/shop.peopletools.it\/index.php\/wp-json\/wp\/v2\/product"}],"about":[{"href":"https:\/\/shop.peopletools.it\/index.php\/wp-json\/wp\/v2\/types\/product"}],"wp:featuredmedia":[{"embeddable":true,"href":"https:\/\/shop.peopletools.it\/index.php\/wp-json\/wp\/v2\/media\/592"}],"wp:attachment":[{"href":"https:\/\/shop.peopletools.it\/index.php\/wp-json\/wp\/v2\/media?parent=236"}],"wp:term":[{"taxonomy":"product_brand","embeddable":true,"href":"https:\/\/shop.peopletools.it\/index.php\/wp-json\/wp\/v2\/product_brand?post=236"},{"taxonomy":"product_cat","embeddable":true,"href":"https:\/\/shop.peopletools.it\/index.php\/wp-json\/wp\/v2\/product_cat?post=236"},{"taxonomy":"product_tag","embeddable":true,"href":"https:\/\/shop.peopletools.it\/index.php\/wp-json\/wp\/v2\/product_tag?post=236"}],"curies":[{"name":"wp","href":"https:\/\/api.w.org\/{rel}","templated":true}]}}